{"id":519,"date":"2023-10-18T11:48:33","date_gmt":"2023-10-18T09:48:33","guid":{"rendered":"https:\/\/alientribu.com\/?page_id=519"},"modified":"2023-11-18T12:45:27","modified_gmt":"2023-11-18T11:45:27","slug":"gallery-sun","status":"publish","type":"page","link":"https:\/\/alientribu.com\/en\/gallery-sun\/","title":{"rendered":"Gallery SUN"},"content":{"rendered":"<p>120<\/p>\n<p>100<\/p>\n<p>100<\/p>\n<p><img decoding=\"async\" src=\"https:\/\/alientribu.com\/wp-content\/uploads\/2022\/05\/miroir23-solar-nu.gif\" alt=\"alien tribu\" \/><br \/>\nfull<br \/>\nleft<br \/>\nsolid<br \/>\n#1e73be<br \/>\n3px 3px 3px 3px<br \/>\n30px 30px 30px 30px<\/p>\n<h2>ALIEN  SUN <\/h2>\n<p>\n3px 3px 15px #1fc7d4<\/p>\n<p>\nAn artistic approach to the disappearance of our sun, from its decomposition to its explosion into an infinite number of stars.Indeed, the Sun is not eternal, and its death is expected in around 4 to 7 billion years. Specialists in the evolution of stars know that they are born and die, adopting new shapes and characteristics that bring about profound changes in their spatial environment.<br \/>\n<br \/>\nUne approche artistique de la disparition de notre soleil, de sa d\u00e9composition jusqu\\&rsquo;\u00e0 son explosion en une infinit\u00e9 d\\&rsquo;\u00e9toiles. En effet, le Soleil n\\&rsquo;est pas \u00e9ternel, sa mort est pr\u00e9vue dans environ 4 \u00e0 7 milliards d\\&rsquo;ann\u00e9es. Les sp\u00e9cialistes de l\\&rsquo;\u00e9volution des \u00e9toiles savent qu\\&rsquo;elles naissent et meurent, adoptant ainsi de nouvelles formes et caract\u00e9ristiques qui engendrent de profonds changements dans leur environnement spatial.<\/p>\n<p>60<\/p>\n<p>Click on the image below to access the slideshow \/ Cliquez sur l\\&rsquo;image ci dessous pour acc\u00e9der au diaporama<\/p>\n<p>490,384,389,387,491,386<br \/>\n3<br \/>\nfull<br \/>\nsolid<br \/>\n#1e73be<br \/>\n1x 1x 1x 1x<br \/>\n30px 30px 30px 30px<br \/>\n#000000<br \/>\nnone<br \/>\n0px 0px 0px 0px<br \/>\n0px 0px 0px 0px<br \/>\ninset 0px 0px 0px 0px 0<\/p>\n<p>80<\/p>","protected":false},"excerpt":{"rendered":"<p>120 100 100 full left solid #1e73be 3px 3px 3px 3px 30px 30px 30px 30px ALIEN SUN 3px 3px 15px #1fc7d4 An artistic approach to the<span class=\"excerpt-hellip\"> [\u2026]<\/span><\/p>","protected":false},"author":1,"featured_media":0,"parent":0,"menu_order":0,"comment_status":"closed","ping_status":"closed","template":"","meta":{"footnotes":""},"class_list":["post-519","page","type-page","status-publish","hentry"],"yoast_head":"<!-- This site is optimized with the Yoast SEO Premium plugin v21.4 (Yoast SEO v21.4) - https:\/\/yoast.com\/wordpress\/plugins\/seo\/ -->\n<title>Une approche artistique de la disparition de notre soleil<\/title>\n<meta name=\"description\" content=\"La disparition de notre soleil est pr\u00e9vue dans 4 \u00e0 7 milliards d&#039;ann\u00e9es, de sa d\u00e9composition jusqu&#039;\u00e0 son explosion en une infinit\u00e9 d&#039;\u00e9toiles.\" \/>\n<meta name=\"robots\" content=\"index, follow, max-snippet:-1, max-image-preview:large, max-video-preview:-1\" \/>\n<link rel=\"canonical\" href=\"https:\/\/alientribu.com\/en\/gallery-sun\/\" \/>\n<meta property=\"og:locale\" content=\"en_US\" \/>\n<meta property=\"og:type\" content=\"article\" \/>\n<meta property=\"og:title\" content=\"Gallery SUN\" \/>\n<meta property=\"og:description\" content=\"La disparition de notre soleil est pr\u00e9vue dans 4 \u00e0 7 milliards d&#039;ann\u00e9es, de sa d\u00e9composition jusqu&#039;\u00e0 son explosion en une infinit\u00e9 d&#039;\u00e9toiles.\" \/>\n<meta property=\"og:url\" content=\"https:\/\/alientribu.com\/en\/gallery-sun\/\" \/>\n<meta property=\"og:site_name\" content=\"ALIEN TRIBu\" \/>\n<meta property=\"article:modified_time\" content=\"2023-11-18T11:45:27+00:00\" \/>\n<meta property=\"og:image\" content=\"https:\/\/alientribu.com\/wp-content\/uploads\/2022\/05\/miroir23-solar-nu.gif\" \/>\n<meta name=\"twitter:card\" content=\"summary_large_image\" \/>\n<script type=\"application\/ld+json\" class=\"yoast-schema-graph\">{\"@context\":\"https:\/\/schema.org\",\"@graph\":[{\"@type\":\"WebPage\",\"@id\":\"https:\/\/alientribu.com\/gallery-sun\/\",\"url\":\"https:\/\/alientribu.com\/gallery-sun\/\",\"name\":\"Une approche artistique de la disparition de notre soleil\",\"isPartOf\":{\"@id\":\"https:\/\/alientribu.com\/#website\"},\"datePublished\":\"2023-10-18T09:48:33+00:00\",\"dateModified\":\"2023-11-18T11:45:27+00:00\",\"description\":\"La disparition de notre soleil est pr\u00e9vue dans 4 \u00e0 7 milliards d'ann\u00e9es, de sa d\u00e9composition jusqu'\u00e0 son explosion en une infinit\u00e9 d'\u00e9toiles.\",\"breadcrumb\":{\"@id\":\"https:\/\/alientribu.com\/gallery-sun\/#breadcrumb\"},\"inLanguage\":\"en-US\",\"potentialAction\":[{\"@type\":\"ReadAction\",\"target\":[\"https:\/\/alientribu.com\/gallery-sun\/\"]}]},{\"@type\":\"BreadcrumbList\",\"@id\":\"https:\/\/alientribu.com\/gallery-sun\/#breadcrumb\",\"itemListElement\":[{\"@type\":\"ListItem\",\"position\":1,\"name\":\"Home\",\"item\":\"https:\/\/alientribu.com\/\"},{\"@type\":\"ListItem\",\"position\":2,\"name\":\"Gallery SUN\"}]},{\"@type\":\"WebSite\",\"@id\":\"https:\/\/alientribu.com\/#website\",\"url\":\"https:\/\/alientribu.com\/\",\"name\":\"ALIEN TRIBu\",\"description\":\"COLLECTION\",\"potentialAction\":[{\"@type\":\"SearchAction\",\"target\":{\"@type\":\"EntryPoint\",\"urlTemplate\":\"https:\/\/alientribu.com\/?s={search_term_string}\"},\"query-input\":\"required name=search_term_string\"}],\"inLanguage\":\"en-US\"}]}<\/script>\n<!-- \/ Yoast SEO Premium plugin. -->","yoast_head_json":{"title":"Une approche artistique de la disparition de notre soleil","description":"La disparition de notre soleil est pr\u00e9vue dans 4 \u00e0 7 milliards d'ann\u00e9es, de sa d\u00e9composition jusqu'\u00e0 son explosion en une infinit\u00e9 d'\u00e9toiles.","robots":{"index":"index","follow":"follow","max-snippet":"max-snippet:-1","max-image-preview":"max-image-preview:large","max-video-preview":"max-video-preview:-1"},"canonical":"https:\/\/alientribu.com\/en\/gallery-sun\/","og_locale":"en_US","og_type":"article","og_title":"Gallery SUN","og_description":"La disparition de notre soleil est pr\u00e9vue dans 4 \u00e0 7 milliards d'ann\u00e9es, de sa d\u00e9composition jusqu'\u00e0 son explosion en une infinit\u00e9 d'\u00e9toiles.","og_url":"https:\/\/alientribu.com\/en\/gallery-sun\/","og_site_name":"ALIEN TRIBu","article_modified_time":"2023-11-18T11:45:27+00:00","og_image":[{"url":"https:\/\/alientribu.com\/wp-content\/uploads\/2022\/05\/miroir23-solar-nu.gif"}],"twitter_card":"summary_large_image","schema":{"@context":"https:\/\/schema.org","@graph":[{"@type":"WebPage","@id":"https:\/\/alientribu.com\/gallery-sun\/","url":"https:\/\/alientribu.com\/gallery-sun\/","name":"Une approche artistique de la disparition de notre soleil","isPartOf":{"@id":"https:\/\/alientribu.com\/#website"},"datePublished":"2023-10-18T09:48:33+00:00","dateModified":"2023-11-18T11:45:27+00:00","description":"La disparition de notre soleil est pr\u00e9vue dans 4 \u00e0 7 milliards d'ann\u00e9es, de sa d\u00e9composition jusqu'\u00e0 son explosion en une infinit\u00e9 d'\u00e9toiles.","breadcrumb":{"@id":"https:\/\/alientribu.com\/gallery-sun\/#breadcrumb"},"inLanguage":"en-US","potentialAction":[{"@type":"ReadAction","target":["https:\/\/alientribu.com\/gallery-sun\/"]}]},{"@type":"BreadcrumbList","@id":"https:\/\/alientribu.com\/gallery-sun\/#breadcrumb","itemListElement":[{"@type":"ListItem","position":1,"name":"Home","item":"https:\/\/alientribu.com\/"},{"@type":"ListItem","position":2,"name":"Gallery SUN"}]},{"@type":"WebSite","@id":"https:\/\/alientribu.com\/#website","url":"https:\/\/alientribu.com\/","name":"ALIEN TRIBu","description":"COLLECTION","potentialAction":[{"@type":"SearchAction","target":{"@type":"EntryPoint","urlTemplate":"https:\/\/alientribu.com\/?s={search_term_string}"},"query-input":"required name=search_term_string"}],"inLanguage":"en-US"}]}},"_links":{"self":[{"href":"https:\/\/alientribu.com\/en\/wp-json\/wp\/v2\/pages\/519","targetHints":{"allow":["GET"]}}],"collection":[{"href":"https:\/\/alientribu.com\/en\/wp-json\/wp\/v2\/pages"}],"about":[{"href":"https:\/\/alientribu.com\/en\/wp-json\/wp\/v2\/types\/page"}],"author":[{"embeddable":true,"href":"https:\/\/alientribu.com\/en\/wp-json\/wp\/v2\/users\/1"}],"replies":[{"embeddable":true,"href":"https:\/\/alientribu.com\/en\/wp-json\/wp\/v2\/comments?post=519"}],"version-history":[{"count":2,"href":"https:\/\/alientribu.com\/en\/wp-json\/wp\/v2\/pages\/519\/revisions"}],"predecessor-version":[{"id":547,"href":"https:\/\/alientribu.com\/en\/wp-json\/wp\/v2\/pages\/519\/revisions\/547"}],"wp:attachment":[{"href":"https:\/\/alientribu.com\/en\/wp-json\/wp\/v2\/media?parent=519"}],"curies":[{"name":"wp","href":"https:\/\/api.w.org\/{rel}","templated":true}]}}