{"id":517,"date":"2023-10-18T11:45:00","date_gmt":"2023-10-18T09:45:00","guid":{"rendered":"https:\/\/alientribu.com\/?page_id=517"},"modified":"2023-12-08T15:02:27","modified_gmt":"2023-12-08T14:02:27","slug":"gallery-faces","status":"publish","type":"page","link":"https:\/\/alientribu.com\/en\/gallery-faces\/","title":{"rendered":"Gallery FACES"},"content":{"rendered":"<p>120<\/p>\n<p>60<\/p>\n<p>80<\/p>\n<p>140<\/p>\n<p><img decoding=\"async\" src=\"https:\/\/alientribu.com\/wp-content\/uploads\/2022\/05\/ANIMATE-mask1.gif\" alt=\"extra-terrestre\" \/><br \/>\nfull<br \/>\nleft<br \/>\nsolid<br \/>\n#1c6db5<br \/>\n3px 3px 3px 3px<br \/>\n30px 30px 30px 30px<\/p>\n<p>ALIEN FACES<br \/>\n3px 3px 15px #1fc7d4<\/p>\n<p>\n<\/p>\n<h2>Imagine All !<\/h2>\n<p>\nHow do we imagine extraterrestrial entities?Do they have eyes, mouths, noses, ears, legs&#8230;So many questions specific to our species that we imagine them in our own image.Let\\&rsquo;s get away from stereotypes and discover a very personal interpretation of this ALIEN TRIBu.<\/p>\n<p>Comment imaginons nous les entit\u00e9s extra-terrestre ? Ont t-ils des yeux, une bouche, un nez, des oreilles, des jambes,&#8230;Autant de questions propre \u00e0 notre esp\u00e8ce que de les imaginer un peu \u00e0 notre image. Sortons donc des st\u00e9r\u00e9otypes et d\u00e9couvrons une interpr\u00e9tation tr\u00e8s personnel de cette TRIBu d\\&rsquo;ALIEN.<\/p>\n<p>60<\/p>\n<p>Click on the image below to access the slideshow \/ Cliquez sur l\\&rsquo;image ci dessous pour acc\u00e9der au diaporama<\/p>\n<p>322,324,325,321,371,364,344,383,349,376,382,379,363,330,372,346,341,373,378,338,339,374,390,365,362,377,368,356,353,355,357,369,336,342,323,367,361,329,381,345,348,360,358,366,334,332,333,370,328,326,327,352,380,337<br \/>\n3<br \/>\nfull<br \/>\nsolid<br \/>\n#1e73be<br \/>\n1x 1x 1x 1x<br \/>\n30px 30px 30px 30px<br \/>\nnone<br \/>\n0px 0px 0px 0px<br \/>\n0px 0px 0px 0px<br \/>\ninset 0px 0px 0px 0px 0<\/p>\n<h5>ALIEN TRIBu are unique and can be obtained in hight definition for quality printing.<\/h5>\n<p>\ncenter<br \/>\n#ffffff<\/p>\n<p>100<\/p>","protected":false},"excerpt":{"rendered":"<p>120 60 80 140 full left solid #1c6db5 3px 3px 3px 3px 30px 30px 30px 30px ALIEN FACES 3px 3px 15px #1fc7d4 Imagine All ! How<span class=\"excerpt-hellip\"> [\u2026]<\/span><\/p>","protected":false},"author":1,"featured_media":0,"parent":0,"menu_order":0,"comment_status":"closed","ping_status":"closed","template":"","meta":{"footnotes":""},"class_list":["post-517","page","type-page","status-publish","hentry"],"yoast_head":"<!-- This site is optimized with the Yoast SEO Premium plugin v21.4 (Yoast SEO v21.4) - https:\/\/yoast.com\/wordpress\/plugins\/seo\/ -->\n<title>ALIEN TRIBU Comment imaginons nous les entit\u00e9s extra-terrestre?<\/title>\n<meta name=\"description\" content=\"Une collection de visages extra-terrestre on y d\u00e9couvre une interpr\u00e9tation tr\u00e8s personnel de l&#039;artiste sur cette tribu d&#039;alien.\" \/>\n<meta name=\"robots\" content=\"index, follow, max-snippet:-1, max-image-preview:large, max-video-preview:-1\" \/>\n<link rel=\"canonical\" href=\"https:\/\/alientribu.com\/en\/gallery-faces\/\" \/>\n<meta property=\"og:locale\" content=\"en_US\" \/>\n<meta property=\"og:type\" content=\"article\" \/>\n<meta property=\"og:title\" content=\"Gallery FACES\" \/>\n<meta property=\"og:description\" content=\"Une collection de visages extra-terrestre on y d\u00e9couvre une interpr\u00e9tation tr\u00e8s personnel de l&#039;artiste sur cette tribu d&#039;alien.\" \/>\n<meta property=\"og:url\" content=\"https:\/\/alientribu.com\/en\/gallery-faces\/\" \/>\n<meta property=\"og:site_name\" content=\"ALIEN TRIBu\" \/>\n<meta property=\"article:modified_time\" content=\"2023-12-08T14:02:27+00:00\" \/>\n<meta property=\"og:image\" content=\"https:\/\/alientribu.com\/wp-content\/uploads\/2022\/05\/ANIMATE-mask1.gif\" \/>\n<meta name=\"twitter:card\" content=\"summary_large_image\" \/>\n<meta name=\"twitter:label1\" content=\"Est. reading time\" \/>\n\t<meta name=\"twitter:data1\" content=\"2 minutes\" \/>\n<script type=\"application\/ld+json\" class=\"yoast-schema-graph\">{\"@context\":\"https:\/\/schema.org\",\"@graph\":[{\"@type\":\"WebPage\",\"@id\":\"https:\/\/alientribu.com\/gallery-faces\/\",\"url\":\"https:\/\/alientribu.com\/gallery-faces\/\",\"name\":\"ALIEN TRIBU Comment imaginons nous les entit\u00e9s extra-terrestre?\",\"isPartOf\":{\"@id\":\"https:\/\/alientribu.com\/#website\"},\"datePublished\":\"2023-10-18T09:45:00+00:00\",\"dateModified\":\"2023-12-08T14:02:27+00:00\",\"description\":\"Une collection de visages extra-terrestre on y d\u00e9couvre une interpr\u00e9tation tr\u00e8s personnel de l'artiste sur cette tribu d'alien.\",\"breadcrumb\":{\"@id\":\"https:\/\/alientribu.com\/gallery-faces\/#breadcrumb\"},\"inLanguage\":\"en-US\",\"potentialAction\":[{\"@type\":\"ReadAction\",\"target\":[\"https:\/\/alientribu.com\/gallery-faces\/\"]}]},{\"@type\":\"BreadcrumbList\",\"@id\":\"https:\/\/alientribu.com\/gallery-faces\/#breadcrumb\",\"itemListElement\":[{\"@type\":\"ListItem\",\"position\":1,\"name\":\"Home\",\"item\":\"https:\/\/alientribu.com\/\"},{\"@type\":\"ListItem\",\"position\":2,\"name\":\"Gallery FACES\"}]},{\"@type\":\"WebSite\",\"@id\":\"https:\/\/alientribu.com\/#website\",\"url\":\"https:\/\/alientribu.com\/\",\"name\":\"ALIEN TRIBu\",\"description\":\"COLLECTION\",\"potentialAction\":[{\"@type\":\"SearchAction\",\"target\":{\"@type\":\"EntryPoint\",\"urlTemplate\":\"https:\/\/alientribu.com\/?s={search_term_string}\"},\"query-input\":\"required name=search_term_string\"}],\"inLanguage\":\"en-US\"}]}<\/script>\n<!-- \/ Yoast SEO Premium plugin. -->","yoast_head_json":{"title":"ALIEN TRIBU Comment imaginons nous les entit\u00e9s extra-terrestre?","description":"Une collection de visages extra-terrestre on y d\u00e9couvre une interpr\u00e9tation tr\u00e8s personnel de l'artiste sur cette tribu d'alien.","robots":{"index":"index","follow":"follow","max-snippet":"max-snippet:-1","max-image-preview":"max-image-preview:large","max-video-preview":"max-video-preview:-1"},"canonical":"https:\/\/alientribu.com\/en\/gallery-faces\/","og_locale":"en_US","og_type":"article","og_title":"Gallery FACES","og_description":"Une collection de visages extra-terrestre on y d\u00e9couvre une interpr\u00e9tation tr\u00e8s personnel de l'artiste sur cette tribu d'alien.","og_url":"https:\/\/alientribu.com\/en\/gallery-faces\/","og_site_name":"ALIEN TRIBu","article_modified_time":"2023-12-08T14:02:27+00:00","og_image":[{"url":"https:\/\/alientribu.com\/wp-content\/uploads\/2022\/05\/ANIMATE-mask1.gif"}],"twitter_card":"summary_large_image","twitter_misc":{"Est. reading time":"2 minutes"},"schema":{"@context":"https:\/\/schema.org","@graph":[{"@type":"WebPage","@id":"https:\/\/alientribu.com\/gallery-faces\/","url":"https:\/\/alientribu.com\/gallery-faces\/","name":"ALIEN TRIBU Comment imaginons nous les entit\u00e9s extra-terrestre?","isPartOf":{"@id":"https:\/\/alientribu.com\/#website"},"datePublished":"2023-10-18T09:45:00+00:00","dateModified":"2023-12-08T14:02:27+00:00","description":"Une collection de visages extra-terrestre on y d\u00e9couvre une interpr\u00e9tation tr\u00e8s personnel de l'artiste sur cette tribu d'alien.","breadcrumb":{"@id":"https:\/\/alientribu.com\/gallery-faces\/#breadcrumb"},"inLanguage":"en-US","potentialAction":[{"@type":"ReadAction","target":["https:\/\/alientribu.com\/gallery-faces\/"]}]},{"@type":"BreadcrumbList","@id":"https:\/\/alientribu.com\/gallery-faces\/#breadcrumb","itemListElement":[{"@type":"ListItem","position":1,"name":"Home","item":"https:\/\/alientribu.com\/"},{"@type":"ListItem","position":2,"name":"Gallery FACES"}]},{"@type":"WebSite","@id":"https:\/\/alientribu.com\/#website","url":"https:\/\/alientribu.com\/","name":"ALIEN TRIBu","description":"COLLECTION","potentialAction":[{"@type":"SearchAction","target":{"@type":"EntryPoint","urlTemplate":"https:\/\/alientribu.com\/?s={search_term_string}"},"query-input":"required name=search_term_string"}],"inLanguage":"en-US"}]}},"_links":{"self":[{"href":"https:\/\/alientribu.com\/en\/wp-json\/wp\/v2\/pages\/517","targetHints":{"allow":["GET"]}}],"collection":[{"href":"https:\/\/alientribu.com\/en\/wp-json\/wp\/v2\/pages"}],"about":[{"href":"https:\/\/alientribu.com\/en\/wp-json\/wp\/v2\/types\/page"}],"author":[{"embeddable":true,"href":"https:\/\/alientribu.com\/en\/wp-json\/wp\/v2\/users\/1"}],"replies":[{"embeddable":true,"href":"https:\/\/alientribu.com\/en\/wp-json\/wp\/v2\/comments?post=517"}],"version-history":[{"count":6,"href":"https:\/\/alientribu.com\/en\/wp-json\/wp\/v2\/pages\/517\/revisions"}],"predecessor-version":[{"id":551,"href":"https:\/\/alientribu.com\/en\/wp-json\/wp\/v2\/pages\/517\/revisions\/551"}],"wp:attachment":[{"href":"https:\/\/alientribu.com\/en\/wp-json\/wp\/v2\/media?parent=517"}],"curies":[{"name":"wp","href":"https:\/\/api.w.org\/{rel}","templated":true}]}}