{"id":146,"date":"2017-11-15T15:18:49","date_gmt":"2017-11-15T15:18:49","guid":{"rendered":"http:\/\/themes.muffingroup.com\/be\/artist2\/?page_id=37"},"modified":"2025-05-13T17:06:51","modified_gmt":"2025-05-13T15:06:51","slug":"start","status":"publish","type":"page","link":"https:\/\/alientribu.com\/en\/","title":{"rendered":"Home"},"content":{"rendered":"<p>10<\/p>\n<p>100<\/p>\n<p><img decoding=\"async\" src=\"https:\/\/alientribu.com\/wp-content\/uploads\/2022\/05\/BIGBANKAL-5.jpg\" alt=\"BIGBANKAL-5\" \/><br \/>\nfull<br \/>\nhttps:\/\/alientribu.com\/wp-content\/uploads\/2022\/05\/BIGBANKAL-2.jpg<br \/>\n<a href=\"https:\/\/alientribu.com\/en\/privat-nft-collection\/\">https:\/\/alientribu.com\/privat-nft-collection\/<\/a><br \/>\nleft<br \/>\nsolid<br \/>\n#ffffff<br \/>\n5px 0px 5px 0px<br \/>\n50px 50px 50px 50px<br \/>\n0px 0px 0px 0px<br \/>\n0px 0px 0px 0px 0<br \/>\nfadeInUp<br \/>\ndiv {<\/p>\n<p>\nbackground: url(\u2018https:\/\/alientribu.com\/wp-content\/uploads\/2022\/05\/BIGBANKAL-4.jpg\u2019);<\/p>\n<p>\n}<\/p>\n<p>\ndiv:hover {<\/p>\n<p>\nbackground: url(\u2018https:\/\/alientribu.com\/wp-content\/uploads\/2022\/05\/BIGBANKAL-2.jpg\u2019);<\/p>\n<p>\n}<\/p>\n<h2>They are watching us<\/h2>\n<p>\nleft<br \/>\n#ffffff<br \/>\n3px 3px 15px #1fc7d4<\/p>\n<p>Thousands of billions of stars lead to several thousand billion planets. All this in more than two thousand billion galaxies. It is estimated that there are more than 60 billion planets with the possibility of having life.<\/p>\n<p>The nuclei of the atoms that make us up were generated in the centre of dead stars several billion years ago. We are all Stardust!<\/p>\n<p>ARE WE ALONE IN THE UNIVERSE !!!<\/p>\n<p>\nDes milliers de milliards d\\&rsquo;\u00e9toiles donnent naissance \u00e0 plusieurs milliers de milliards de plan\u00e8tes. Le tout dans plus de deux mille milliards de galaxies. On estime \u00e0 plus de 60 milliards le nombre de plan\u00e8tes susceptibles d\\&rsquo;abriter la vie. Les noyaux des atomes qui nous constituent ont \u00e9t\u00e9 g\u00e9n\u00e9r\u00e9s au centre d\\&rsquo;\u00e9toiles mortes il y a plusieurs milliards d\\&rsquo;ann\u00e9es.\u00a0 Nous sommes tous des poussi\u00e8res d\\&rsquo;\u00e9toiles !<br \/>\nleft<br \/>\n0px 0px 0px 0<br \/>\nsolid<br \/>\n#1e73be<br \/>\n0 0 0 1px<\/p>\n<p>D\u00c9COUVRIR \/ VIEW \/ ORIGINALS<br \/>\n<a href=\"https:\/\/alientribu.com\/index.php\/privat-nft-collection\/\">https:\/\/alientribu.com\/index.php\/privat-nft-collection\/<\/a><br \/>\nicon-book-open<br \/>\nright<br \/>\n4<br \/>\nright<br \/>\nsolid<br \/>\n1px 1px 1px 1px<br \/>\n30px 30px 30px 30px<br \/>\n#ffffff<br \/>\n#010610<br \/>\n#000000<br \/>\n#ffffff<\/p>\n<p>60<\/p>\n<p>\n30<\/p>\n<p>UFO MLB AlienJanusGalaxyUniverse Quantum Negative Mass Matter-Anti-Matter<br \/>\ncenter<br \/>\n#ffffff<br \/>\n3px 3px 15px #3f94de<\/p>\n<p><img decoding=\"async\" src=\"https:\/\/alientribu.com\/wp-content\/uploads\/2022\/12\/NFT-tournant-GIF-alien-tribu.gif\" alt=\"NFT tournant GIF alien tribu\" \/><br \/>\nfull<br \/>\n#000000<\/p>\n<p>60<\/p>\n<p>80<\/p>\n<p>160<\/p>\n<p><img decoding=\"async\" src=\"https:\/\/alientribu.com\/wp-content\/uploads\/2022\/05\/ANIMATE-mask1.gif\" alt=\"ANIMATE-mask(1)\" \/><br \/>\nfull<br \/>\nleft<br \/>\nsolid<br \/>\n#1c6db5<br \/>\n3px 3px 3px 3px<br \/>\n30px 30px 30px 30px<\/p>\n<p>ALIEN FACES<br \/>\n3px 3px 15px #1fc7d4<\/p>\n<p>\n<\/p>\n<h2>Imagine All !<\/h2>\n<p>\nHow do we imagine extraterrestrial entities?Do they have eyes, mouths, noses, ears, legs&#8230;So many questions specific to our species that we imagine them in our own image.Let\\&rsquo;s get away from stereotypes and discover a very personal interpretation of this ALIEN TRIBu.<\/p>\n<p>Comment imaginons nous les entit\u00e9s extra-terrestre ? Ont t-ils des yeux, une bouche, un nez, des oreilles, des jambes,&#8230;Autant de questions propre \u00e0 notre esp\u00e8ce que de les imaginer un peu \u00e0 notre image. Sortons donc des st\u00e9r\u00e9otypes et d\u00e9couvrons une interpr\u00e9tation tr\u00e8s personnel de cette TRIBu d\\&rsquo;ALIEN.<\/p>\n<p>60<\/p>\n<p>344,332,383,380,390,373<br \/>\n3<br \/>\nfull<br \/>\nsolid<br \/>\n#1e73be<br \/>\n1x 1x 1x 1x<br \/>\n30px 30px 30px 30px<br \/>\nnone<br \/>\n0px 0px 0px 0px<br \/>\n0px 0px 0px 0px<br \/>\ninset 0px 0px 0px 0px 0<\/p>\n<p>View all the Gallery<br \/>\n<a href=\"https:\/\/alientribu.com\/en\/gallery-faces\/\">https:\/\/alientribu.com\/gallery-faces\/<\/a><br \/>\nfas fa-search-plus<br \/>\nleft<br \/>\n4<br \/>\nbutton_theme<br \/>\nsolid<br \/>\n1px 1px 1px 1px<br \/>\n10px 10px 10px 10px<br \/>\n#1fc7d4<\/p>\n<h5>ALIEN TRIBu are unique and can be obtained in hight definition for quality printing. ALIEN TRIBu sont uniques et peuvent \u00eatre obtenus en haute d\u00e9finition pour une impression de qualit\u00e9.<\/h5>\n<p>\ncenter<br \/>\n#ffffff<\/p>\n<p>100<\/p>\n<p>70<\/p>\n<p><img decoding=\"async\" src=\"https:\/\/alientribu.com\/wp-content\/uploads\/2022\/05\/miroir23-solar-nu.gif\" alt=\"alien tribu\" \/><br \/>\nfull<br \/>\nleft<br \/>\nsolid<br \/>\n#1e73be<br \/>\n3px 3px 3px 3px<br \/>\n30px 30px 30px 30px<\/p>\n<p>Une approche artistique de la disparition de notre soleil, de sa d\u00e9composition jusqu\\&rsquo;\u00e0 son explosion en une infinit\u00e9 d\\&rsquo;\u00e9toiles. En effet, le Soleil n\\&rsquo;est pas \u00e9ternel, sa mort est pr\u00e9vue dans environ 4 \u00e0 7 milliards d\\&rsquo;ann\u00e9es.<\/p>\n<p>Les sp\u00e9cialistes de l\\&rsquo;\u00e9volution des \u00e9toiles savent qu\\&rsquo;elles naissent et meurent, adoptant ainsi de nouvelles formes et caract\u00e9ristiques qui engendrent de profonds changements dans leur environnement spatial. <br \/>\njustify<br \/>\n#1e73be<br \/>\nsolid<br \/>\n#1e73be<br \/>\n0px 0px 0px 0px<\/p>\n<h2>ALIEN SUN<\/h2>\n<p>\n3px 3px 15px #1fc7d4<\/p>\n<p>\nAn artistic approach to the disappearance of our sun, from its decomposition to its explosion into an infinite number of stars.<\/p>\n<p>Indeed, the Sun is not eternal, and its death is expected in around 4 to 7 billion years.<\/p>\n<p>Specialists in the evolution of stars know that they are born and die, adopting new shapes and characteristics that bring about profound changes in their spatial environment.<br \/>\njustify<br \/>\n#ffffff<br \/>\nsolid<br \/>\n#1e73be<br \/>\n0px 0px 0px 1px<\/p>\n<p>View all the Gallery<br \/>\n<a href=\"https:\/\/alientribu.com\/en\/gallery-sun\/\">https:\/\/alientribu.com\/gallery-sun\/<\/a><br \/>\nfas fa-search-plus<br \/>\nleft<br \/>\n4<br \/>\nbutton_theme<br \/>\nsolid<br \/>\n1px 1px 1px 1px<br \/>\n10px 10px 10px 10px<br \/>\n#1fc7d4<\/p>\n<p>60<\/p>\n<p>80<\/p>\n<p>100<\/p>\n<p>\n<img decoding=\"async\" src=\"https:\/\/alientribu.com\/wp-content\/uploads\/2023\/10\/1-Masquarade-1.jpg\" alt=\"alien tribu\" \/><br \/>\nfull<br \/>\n<a href=\"https:\/\/alientribu.com\/en\/art-nft\/\">https:\/\/alientribu.com\/art-nft\/<\/a><br \/>\nleft<br \/>\nsolid<br \/>\n#ffffff<br \/>\n3px 3px 3px 3px<br \/>\n30px 30px 30px 30px<br \/>\nzoomIn<\/p>\n<h2>ALIEN COLLECTION<\/h2>\n<p>\n3px 3px 15px #1fc7d4<\/p>\n<p>\n<\/p>\n<h4>The Collection<\/h4>\n<p>\nUne collection de tableaux r\u00e9alis\u00e9e \u00e0 partir du th\u00e8me \\\u00a0\u00bbALIEN TRIBu\\\u00a0\u00bb dans des formats et encadrements divers.<\/p>\n<p>Une Impression haut de gamme pigmentaire de grande qualit\u00e9 sur papier Fine Art, la perfection artistique.<\/p>\n<p>Une surface satin\u00e9e et une haute densit\u00e9 de couleurs pour des images vivantes.<br \/>\njustify<br \/>\n#ffffff<br \/>\nsolid<br \/>\n#1e73be<br \/>\n0px 0px 0px 1px<\/p>\n<p>View all the Gallery<br \/>\n<a href=\"https:\/\/alientribu.com\/en\/art-nft\/\">https:\/\/alientribu.com\/art-nft\/<\/a><br \/>\nfas fa-search-plus<br \/>\nleft<br \/>\n4<br \/>\nbutton_theme<br \/>\nsolid<br \/>\n1px 1px 1px 1px<br \/>\n10px 10px 10px 10px<br \/>\n#ffffff<\/p>\n<p>60<\/p>\n<p>80<\/p>\n<p>space-opera1<\/p>","protected":false},"excerpt":{"rendered":"<p>10 100 full https:\/\/alientribu.com\/wp-content\/uploads\/2022\/05\/BIGBANKAL-2.jpg https:\/\/alientribu.com\/privat-nft-collection\/ left solid #ffffff 5px 0px 5px 0px 50px 50px 50px 50px 0px 0px 0px 0px 0px 0px 0px 0px 0 fadeInUp<span class=\"excerpt-hellip\"> [\u2026]<\/span><\/p>","protected":false},"author":1,"featured_media":0,"parent":0,"menu_order":0,"comment_status":"closed","ping_status":"closed","template":"","meta":{"footnotes":""},"class_list":["post-146","page","type-page","status-publish","hentry"],"yoast_head":"<!-- This site is optimized with the Yoast SEO Premium plugin v21.4 (Yoast SEO v21.4) - https:\/\/yoast.com\/wordpress\/plugins\/seo\/ -->\n<title>ALIEN TRIBU une repr\u00e9sentation artistique des aliens<\/title>\n<meta name=\"description\" content=\"ALIEN TRIBU : Une repr\u00e9sentation artistique des Extra-terrestres de notre Univers. Une collection de tableaux, vid\u00e9os, de visages masqu\u00e9s.\" \/>\n<meta name=\"robots\" content=\"index, follow, max-snippet:-1, max-image-preview:large, max-video-preview:-1\" \/>\n<link rel=\"canonical\" href=\"https:\/\/alientribu.com\/en\/\" \/>\n<meta property=\"og:locale\" content=\"en_US\" \/>\n<meta property=\"og:type\" content=\"article\" \/>\n<meta property=\"og:title\" content=\"Home\" \/>\n<meta property=\"og:description\" content=\"ALIEN TRIBU : Une repr\u00e9sentation artistique des Extra-terrestres de notre Univers. Une collection de tableaux, vid\u00e9os, de visages masqu\u00e9s.\" \/>\n<meta property=\"og:url\" content=\"https:\/\/alientribu.com\/en\/\" \/>\n<meta property=\"og:site_name\" content=\"ALIEN TRIBu\" \/>\n<meta property=\"article:modified_time\" content=\"2025-05-13T15:06:51+00:00\" \/>\n<meta property=\"og:image\" content=\"https:\/\/alientribu.com\/wp-content\/uploads\/2022\/05\/BIGBANKAL-5.jpg\" \/>\n<meta name=\"twitter:card\" content=\"summary_large_image\" \/>\n<meta name=\"twitter:label1\" content=\"Est. reading time\" \/>\n\t<meta name=\"twitter:data1\" content=\"5 minutes\" \/>\n<script type=\"application\/ld+json\" class=\"yoast-schema-graph\">{\"@context\":\"https:\/\/schema.org\",\"@graph\":[{\"@type\":\"WebPage\",\"@id\":\"https:\/\/alientribu.com\/\",\"url\":\"https:\/\/alientribu.com\/\",\"name\":\"ALIEN TRIBU une repr\u00e9sentation artistique des aliens\",\"isPartOf\":{\"@id\":\"https:\/\/alientribu.com\/#website\"},\"datePublished\":\"2017-11-15T15:18:49+00:00\",\"dateModified\":\"2025-05-13T15:06:51+00:00\",\"description\":\"ALIEN TRIBU : Une repr\u00e9sentation artistique des Extra-terrestres de notre Univers. Une collection de tableaux, vid\u00e9os, de visages masqu\u00e9s.\",\"breadcrumb\":{\"@id\":\"https:\/\/alientribu.com\/#breadcrumb\"},\"inLanguage\":\"en-US\",\"potentialAction\":[{\"@type\":\"ReadAction\",\"target\":[\"https:\/\/alientribu.com\/\"]}]},{\"@type\":\"BreadcrumbList\",\"@id\":\"https:\/\/alientribu.com\/#breadcrumb\",\"itemListElement\":[{\"@type\":\"ListItem\",\"position\":1,\"name\":\"Home\",\"item\":\"https:\/\/alientribu.com\/\"},{\"@type\":\"ListItem\",\"position\":2,\"name\":\"Home\"}]},{\"@type\":\"WebSite\",\"@id\":\"https:\/\/alientribu.com\/#website\",\"url\":\"https:\/\/alientribu.com\/\",\"name\":\"ALIEN TRIBu\",\"description\":\"COLLECTION\",\"potentialAction\":[{\"@type\":\"SearchAction\",\"target\":{\"@type\":\"EntryPoint\",\"urlTemplate\":\"https:\/\/alientribu.com\/?s={search_term_string}\"},\"query-input\":\"required name=search_term_string\"}],\"inLanguage\":\"en-US\"}]}<\/script>\n<!-- \/ Yoast SEO Premium plugin. -->","yoast_head_json":{"title":"ALIEN TRIBU une repr\u00e9sentation artistique des aliens","description":"ALIEN TRIBU : Une repr\u00e9sentation artistique des Extra-terrestres de notre Univers. Une collection de tableaux, vid\u00e9os, de visages masqu\u00e9s.","robots":{"index":"index","follow":"follow","max-snippet":"max-snippet:-1","max-image-preview":"max-image-preview:large","max-video-preview":"max-video-preview:-1"},"canonical":"https:\/\/alientribu.com\/en\/","og_locale":"en_US","og_type":"article","og_title":"Home","og_description":"ALIEN TRIBU : Une repr\u00e9sentation artistique des Extra-terrestres de notre Univers. Une collection de tableaux, vid\u00e9os, de visages masqu\u00e9s.","og_url":"https:\/\/alientribu.com\/en\/","og_site_name":"ALIEN TRIBu","article_modified_time":"2025-05-13T15:06:51+00:00","og_image":[{"url":"https:\/\/alientribu.com\/wp-content\/uploads\/2022\/05\/BIGBANKAL-5.jpg"}],"twitter_card":"summary_large_image","twitter_misc":{"Est. reading time":"5 minutes"},"schema":{"@context":"https:\/\/schema.org","@graph":[{"@type":"WebPage","@id":"https:\/\/alientribu.com\/","url":"https:\/\/alientribu.com\/","name":"ALIEN TRIBU une repr\u00e9sentation artistique des aliens","isPartOf":{"@id":"https:\/\/alientribu.com\/#website"},"datePublished":"2017-11-15T15:18:49+00:00","dateModified":"2025-05-13T15:06:51+00:00","description":"ALIEN TRIBU : Une repr\u00e9sentation artistique des Extra-terrestres de notre Univers. Une collection de tableaux, vid\u00e9os, de visages masqu\u00e9s.","breadcrumb":{"@id":"https:\/\/alientribu.com\/#breadcrumb"},"inLanguage":"en-US","potentialAction":[{"@type":"ReadAction","target":["https:\/\/alientribu.com\/"]}]},{"@type":"BreadcrumbList","@id":"https:\/\/alientribu.com\/#breadcrumb","itemListElement":[{"@type":"ListItem","position":1,"name":"Home","item":"https:\/\/alientribu.com\/"},{"@type":"ListItem","position":2,"name":"Home"}]},{"@type":"WebSite","@id":"https:\/\/alientribu.com\/#website","url":"https:\/\/alientribu.com\/","name":"ALIEN TRIBu","description":"COLLECTION","potentialAction":[{"@type":"SearchAction","target":{"@type":"EntryPoint","urlTemplate":"https:\/\/alientribu.com\/?s={search_term_string}"},"query-input":"required name=search_term_string"}],"inLanguage":"en-US"}]}},"_links":{"self":[{"href":"https:\/\/alientribu.com\/en\/wp-json\/wp\/v2\/pages\/146","targetHints":{"allow":["GET"]}}],"collection":[{"href":"https:\/\/alientribu.com\/en\/wp-json\/wp\/v2\/pages"}],"about":[{"href":"https:\/\/alientribu.com\/en\/wp-json\/wp\/v2\/types\/page"}],"author":[{"embeddable":true,"href":"https:\/\/alientribu.com\/en\/wp-json\/wp\/v2\/users\/1"}],"replies":[{"embeddable":true,"href":"https:\/\/alientribu.com\/en\/wp-json\/wp\/v2\/comments?post=146"}],"version-history":[{"count":4,"href":"https:\/\/alientribu.com\/en\/wp-json\/wp\/v2\/pages\/146\/revisions"}],"predecessor-version":[{"id":571,"href":"https:\/\/alientribu.com\/en\/wp-json\/wp\/v2\/pages\/146\/revisions\/571"}],"wp:attachment":[{"href":"https:\/\/alientribu.com\/en\/wp-json\/wp\/v2\/media?parent=146"}],"curies":[{"name":"wp","href":"https:\/\/api.w.org\/{rel}","templated":true}]}}